{"id":91,"date":"2024-11-18T14:29:15","date_gmt":"2024-11-18T14:29:15","guid":{"rendered":"https:\/\/www.fervent-euclid.85-236-38-41.plesk.page\/?page_id=91"},"modified":"2025-05-15T11:46:50","modified_gmt":"2025-05-15T11:46:50","slug":"die-keep-it-green","status":"publish","type":"page","link":"https:\/\/www.fervent-euclid.85-236-38-41.plesk.page\/en\/die-keep-it-green\/","title":{"rendered":"\u00dcber uns"},"content":{"rendered":"<div data-elementor-type=\"wp-page\" data-elementor-id=\"91\" class=\"elementor elementor-91\">\n\t\t\t\t<div class=\"elementor-element elementor-element-7e6c0d4 e-flex e-con-boxed e-con e-parent\" data-id=\"7e6c0d4\" data-element_type=\"container\">\n\t\t\t\t\t<div class=\"e-con-inner\">\n\t\t\t\t<div class=\"elementor-element elementor-element-79935f3 elementor-widget-divider--view-line elementor-widget elementor-widget-divider\" data-id=\"79935f3\" data-element_type=\"widget\" data-widget_type=\"divider.default\">\n\t\t\t\t<div class=\"elementor-widget-container\">\n\t\t\t\t\t\t\t<div class=\"elementor-divider\">\n\t\t\t<span class=\"elementor-divider-separator\">\n\t\t\t\t\t\t<\/span>\n\t\t<\/div>\n\t\t\t\t\t\t<\/div>\n\t\t\t\t<\/div>\n\t\t\t\t\t<\/div>\n\t\t\t\t<\/div>\n\t\t<div class=\"elementor-element elementor-element-9fcae59 e-flex e-con-boxed e-con e-parent\" data-id=\"9fcae59\" data-element_type=\"container\">\n\t\t\t\t\t<div class=\"e-con-inner\">\n\t\t\t\t<div class=\"elementor-element elementor-element-9a6a5b4 elementor-widget elementor-widget-heading\" data-id=\"9a6a5b4\" data-element_type=\"widget\" data-widget_type=\"heading.default\">\n\t\t\t\t<div class=\"elementor-widget-container\">\n\t\t\t\t\t<h1 class=\"elementor-heading-title elementor-size-default\">\u00dcber uns<\/h1>\t\t\t\t<\/div>\n\t\t\t\t<\/div>\n\t\t\t\t\t<\/div>\n\t\t\t\t<\/div>\n\t\t<div class=\"elementor-element elementor-element-c51aa6b e-flex e-con-boxed e-con e-parent\" data-id=\"c51aa6b\" data-element_type=\"container\">\n\t\t\t\t\t<div class=\"e-con-inner\">\n\t\t\t\t<div class=\"elementor-element elementor-element-91d4b0f elementor-widget__width-initial elementor-widget elementor-widget-text-editor\" data-id=\"91d4b0f\" data-element_type=\"widget\" data-widget_type=\"text-editor.default\">\n\t\t\t\t<div class=\"elementor-widget-container\">\n\t\t\t\t\t\t\t\t\t<p>keep it green ist Projekt-, Ingenieur- und Beratungspartner der Energiewirtschaft.<\/p><p>keep it green\u00a0steht f\u00fcr<\/p><div><ul><li>\u201eGr\u00fcne Ampeln\u201c bei Terminen, Kosten und Leistungen in Ihren Projekten<\/li><li>Hohe Verf\u00fcgbarkeit bei den von uns geplanten und projektierten Anlagen<\/li><li>Konzepte f\u00fcr ressourcenschonende und effiziente Energieerzeugung<\/li><li>wirtschaftlichen Anlagenbetrieb \u2013 dem Kerngesch\u00e4ft unserer Kunden<\/li><\/ul><\/div><p>Seit \u00fcber 20 Jahren\u00a0sammeln wir nun Erfahrungen mit Projekten im nationalen und internationalen Energieanlagenbau.<\/p><p>Urspr\u00fcnglich als Projektberatung gegr\u00fcndet, haben wir schon bald einen eigenen Engineering-Bereich aufgebaut und diesen um Beratungsleistungen f\u00fcr Energieversorger und Netzbetreiber erg\u00e4nzt.<\/p><p>Mit unserem Bereich Projektmanagement \u00fcbernehmen wir je nach Bedarf und Wunsch f\u00fcr Sie beratend bis gesamtverantwortlich Projekt-Managementaufgaben in Ihren Projekten und bieten Ihnen ein funktionierendes Projektb\u00fcro.<\/p><p>Unser Bereich Engineering ist spezialisiert auf die Themenfelder Gas-, Elektro-, W\u00e4rme- und Bautechnik. Hier planen wir mit erfahrenen und gut ausgebildeten Ingenieuren komplette Energieversorgungsanlagen.<\/p><p>Abgerundet wird unser Portfolio durch unsere umfangreichen Beratungsleistungen f\u00fcr Netzbetreiber und Stadtwerke. Hier beraten wir vom Assetmanagement bis zur Zertifizierung.<\/p><p>Wir \u00fcbernehmen je nach Bedarf beratend bis gesamtverantwortlich Projektmanagement und -Steuerung in Anlagenbauprojekten und unterst\u00fctzen Sie bei der Betriebsf\u00fchrung und Anlagenoptimierung.<\/p><p>Unsere\u00a0Leistungen\u00a0erstrecken sich \u00fcber alle Projektphasen \u2013 von der Projektentwicklung \u00fcber die Konzeptfindung f\u00fcr die Umsetzung des Vorhabens bis zur vollst\u00e4ndigen Planung und Realisierung Ihres Projekts. Nat\u00fcrlich gilt dies auch f\u00fcr bereits gestartete Projekte, die in \u201eSchr\u00e4glage\u201c geraten sind. Unsere Kunden bestimmen dabei stets die Tiefe unserer Leistungen.<\/p><p>\u201ekeep it green\u201c ist nicht nur Motto f\u00fcr Umweltschutz, \u201egr\u00fcne\u201c Konzepte zur ressourcenschonenden (effizienten) Energieerzeugung und Energienutzung.\u00a0keep it green\u00a0steht haupts\u00e4chlich f\u00fcr die Statusmeldungen in den von uns betreuten Projekten. Es steht f\u00fcr Termin- und Kostentreue genauso wie f\u00fcr die vereinbarte Leistung.\u00a0keep it green steht f\u00fcr hohe Verf\u00fcgbarkeiten der geplanten und projektierten Anlagen und dadurch auch f\u00fcr das Kerngesch\u00e4ft unserer Kunden: den wirtschaftlichen Anlagenbetrieb!<\/p>\t\t\t\t\t\t\t\t<\/div>\n\t\t\t\t<\/div>\n\t\t\t\t\t<\/div>\n\t\t\t\t<\/div>\n\t\t\t\t<\/div>","protected":false},"excerpt":{"rendered":"<p>\u00dcber uns keep it green ist Projekt-, Ingenieur- und Beratungspartner der Energiewirtschaft. keep it green\u00a0steht f\u00fcr \u201eGr\u00fcne Ampeln\u201c bei Terminen, Kosten und Leistungen in Ihren Projekten Hohe Verf\u00fcgbarkeit bei den von uns geplanten und projektierten Anlagen Konzepte f\u00fcr ressourcenschonende und effiziente Energieerzeugung wirtschaftlichen Anlagenbetrieb \u2013 dem Kerngesch\u00e4ft unserer Kunden Seit \u00fcber 20 Jahren\u00a0sammeln wir nun [&hellip;]<\/p>","protected":false},"author":1,"featured_media":0,"parent":0,"menu_order":0,"comment_status":"closed","ping_status":"closed","template":"elementor_theme","meta":{"ocean_post_layout":"full-screen","ocean_both_sidebars_style":"","ocean_both_sidebars_content_width":0,"ocean_both_sidebars_sidebars_width":0,"ocean_sidebar":"","ocean_second_sidebar":"","ocean_disable_margins":"enable","ocean_add_body_class":"","ocean_shortcode_before_top_bar":"","ocean_shortcode_after_top_bar":"","ocean_shortcode_before_header":"","ocean_shortcode_after_header":"","ocean_has_shortcode":"","ocean_shortcode_after_title":"","ocean_shortcode_before_footer_widgets":"","ocean_shortcode_after_footer_widgets":"","ocean_shortcode_before_footer_bottom":"","ocean_shortcode_after_footer_bottom":"","ocean_display_top_bar":"default","ocean_display_header":"default","ocean_header_style":"","ocean_center_header_left_menu":"","ocean_custom_header_template":"","ocean_custom_logo":0,"ocean_custom_retina_logo":0,"ocean_custom_logo_max_width":0,"ocean_custom_logo_tablet_max_width":0,"ocean_custom_logo_mobile_max_width":0,"ocean_custom_logo_max_height":0,"ocean_custom_logo_tablet_max_height":0,"ocean_custom_logo_mobile_max_height":0,"ocean_header_custom_menu":"","ocean_menu_typo_font_family":"","ocean_menu_typo_font_subset":"","ocean_menu_typo_font_size":0,"ocean_menu_typo_font_size_tablet":0,"ocean_menu_typo_font_size_mobile":0,"ocean_menu_typo_font_size_unit":"px","ocean_menu_typo_font_weight":"","ocean_menu_typo_font_weight_tablet":"","ocean_menu_typo_font_weight_mobile":"","ocean_menu_typo_transform":"","ocean_menu_typo_transform_tablet":"","ocean_menu_typo_transform_mobile":"","ocean_menu_typo_line_height":0,"ocean_menu_typo_line_height_tablet":0,"ocean_menu_typo_line_height_mobile":0,"ocean_menu_typo_line_height_unit":"","ocean_menu_typo_spacing":0,"ocean_menu_typo_spacing_tablet":0,"ocean_menu_typo_spacing_mobile":0,"ocean_menu_typo_spacing_unit":"","ocean_menu_link_color":"","ocean_menu_link_color_hover":"","ocean_menu_link_color_active":"","ocean_menu_link_background":"","ocean_menu_link_hover_background":"","ocean_menu_link_active_background":"","ocean_menu_social_links_bg":"","ocean_menu_social_hover_links_bg":"","ocean_menu_social_links_color":"","ocean_menu_social_hover_links_color":"","ocean_disable_title":"on","ocean_disable_heading":"default","ocean_post_title":"","ocean_post_subheading":"","ocean_post_title_style":"","ocean_post_title_background_color":"","ocean_post_title_background":0,"ocean_post_title_bg_image_position":"","ocean_post_title_bg_image_attachment":"","ocean_post_title_bg_image_repeat":"","ocean_post_title_bg_image_size":"","ocean_post_title_height":0,"ocean_post_title_bg_overlay":0.5,"ocean_post_title_bg_overlay_color":"","ocean_disable_breadcrumbs":"default","ocean_breadcrumbs_color":"","ocean_breadcrumbs_separator_color":"","ocean_breadcrumbs_links_color":"","ocean_breadcrumbs_links_hover_color":"","ocean_display_footer_widgets":"default","ocean_display_footer_bottom":"default","ocean_custom_footer_template":"","footnotes":""},"class_list":["post-91","page","type-page","status-publish","hentry","entry"],"_links":{"self":[{"href":"https:\/\/www.fervent-euclid.85-236-38-41.plesk.page\/en\/wp-json\/wp\/v2\/pages\/91","targetHints":{"allow":["GET"]}}],"collection":[{"href":"https:\/\/www.fervent-euclid.85-236-38-41.plesk.page\/en\/wp-json\/wp\/v2\/pages"}],"about":[{"href":"https:\/\/www.fervent-euclid.85-236-38-41.plesk.page\/en\/wp-json\/wp\/v2\/types\/page"}],"author":[{"embeddable":true,"href":"https:\/\/www.fervent-euclid.85-236-38-41.plesk.page\/en\/wp-json\/wp\/v2\/users\/1"}],"replies":[{"embeddable":true,"href":"https:\/\/www.fervent-euclid.85-236-38-41.plesk.page\/en\/wp-json\/wp\/v2\/comments?post=91"}],"version-history":[{"count":14,"href":"https:\/\/www.fervent-euclid.85-236-38-41.plesk.page\/en\/wp-json\/wp\/v2\/pages\/91\/revisions"}],"predecessor-version":[{"id":285,"href":"https:\/\/www.fervent-euclid.85-236-38-41.plesk.page\/en\/wp-json\/wp\/v2\/pages\/91\/revisions\/285"}],"wp:attachment":[{"href":"https:\/\/www.fervent-euclid.85-236-38-41.plesk.page\/en\/wp-json\/wp\/v2\/media?parent=91"}],"curies":[{"name":"wp","href":"https:\/\/api.w.org\/{rel}","templated":true}]}}