{"id":80,"date":"2024-11-18T14:25:39","date_gmt":"2024-11-18T14:25:39","guid":{"rendered":"https:\/\/www.fervent-euclid.85-236-38-41.plesk.page\/?page_id=80"},"modified":"2025-05-15T13:28:30","modified_gmt":"2025-05-15T13:28:30","slug":"jobs-karriere","status":"publish","type":"page","link":"https:\/\/www.fervent-euclid.85-236-38-41.plesk.page\/en\/jobs-karriere\/","title":{"rendered":"Jobs &#038; Karriere"},"content":{"rendered":"<div data-elementor-type=\"wp-page\" data-elementor-id=\"80\" class=\"elementor elementor-80\">\n\t\t\t\t<div class=\"elementor-element elementor-element-c811a4b e-flex e-con-boxed e-con e-parent\" data-id=\"c811a4b\" data-element_type=\"container\" data-settings=\"{&quot;background_background&quot;:&quot;classic&quot;}\">\n\t\t\t\t\t<div class=\"e-con-inner\">\n\t\t\t\t\t<\/div>\n\t\t\t\t<\/div>\n\t\t<div class=\"elementor-element elementor-element-1bef659 e-flex e-con-boxed e-con e-parent\" data-id=\"1bef659\" data-element_type=\"container\">\n\t\t\t\t\t<div class=\"e-con-inner\">\n\t\t\t\t<div class=\"elementor-element elementor-element-925d41a elementor-widget elementor-widget-spacer\" data-id=\"925d41a\" data-element_type=\"widget\" data-widget_type=\"spacer.default\">\n\t\t\t\t<div class=\"elementor-widget-container\">\n\t\t\t\t\t\t\t<div class=\"elementor-spacer\">\n\t\t\t<div class=\"elementor-spacer-inner\"><\/div>\n\t\t<\/div>\n\t\t\t\t\t\t<\/div>\n\t\t\t\t<\/div>\n\t\t\t\t\t<\/div>\n\t\t\t\t<\/div>\n\t\t<div class=\"elementor-element elementor-element-407ba95 e-flex e-con-boxed e-con e-parent\" data-id=\"407ba95\" data-element_type=\"container\">\n\t\t\t\t\t<div class=\"e-con-inner\">\n\t\t\t\t<div class=\"elementor-element elementor-element-d74a139 elementor-widget elementor-widget-heading\" data-id=\"d74a139\" data-element_type=\"widget\" data-widget_type=\"heading.default\">\n\t\t\t\t<div class=\"elementor-widget-container\">\n\t\t\t\t\t<h1 class=\"elementor-heading-title elementor-size-default\">Jobs & Karriere<\/h1>\t\t\t\t<\/div>\n\t\t\t\t<\/div>\n\t\t\t\t\t<\/div>\n\t\t\t\t<\/div>\n\t\t<div class=\"elementor-element elementor-element-f60d6bf e-flex e-con-boxed e-con e-parent\" data-id=\"f60d6bf\" data-element_type=\"container\">\n\t\t\t\t\t<div class=\"e-con-inner\">\n\t\t\t\t<div class=\"elementor-element elementor-element-a4dde6a elementor-widget elementor-widget-spacer\" data-id=\"a4dde6a\" data-element_type=\"widget\" data-widget_type=\"spacer.default\">\n\t\t\t\t<div class=\"elementor-widget-container\">\n\t\t\t\t\t\t\t<div class=\"elementor-spacer\">\n\t\t\t<div class=\"elementor-spacer-inner\"><\/div>\n\t\t<\/div>\n\t\t\t\t\t\t<\/div>\n\t\t\t\t<\/div>\n\t\t\t\t\t<\/div>\n\t\t\t\t<\/div>\n\t\t<div class=\"elementor-element elementor-element-51999d7 e-flex e-con-boxed e-con e-parent\" data-id=\"51999d7\" data-element_type=\"container\">\n\t\t\t\t\t<div class=\"e-con-inner\">\n\t\t\t\t<div class=\"elementor-element elementor-element-374cbb7 elementor-widget elementor-widget-text-editor\" data-id=\"374cbb7\" data-element_type=\"widget\" data-widget_type=\"text-editor.default\">\n\t\t\t\t<div class=\"elementor-widget-container\">\n\t\t\t\t\t\t\t\t\t<div class=\"grve-element grve-text\"><h3><span style=\"color: #ffffff;\">Projektingenieur (m\/w\/d) Energiewirtschaft<\/span><\/h3><p>Haben Sie eine Leidenschaft f\u00fcr Engineering und wollen mit uns die Zukunft der Energieversorgung gestalten?<br \/>Als kompetenter und stetig wachsender Spezialist f\u00fcr anspruchsvolle Medien- und Wasserstoffversorgungen treiben wir gemeinsam mit unseren Kunden innovative Projekte in der nationalen Energieinfrastruktur voran. Uns verbinden Tatkraft, hohe L\u00f6sungsorientierung und das st\u00e4ndige Ziel, unsere Kunden zufriedenzustellen.<br \/>Sie m\u00f6chten mit uns neue Wege gehen? Dann bewerben Sie sich jetzt.<\/p><p><strong>F\u00fcr unser B\u00fcros in Starnberg und Leipzig suchen wir einen<\/strong><br \/><strong>Projektingenieur (m\/w\/d)<\/strong><\/p><p><strong>Ihre Aufgaben<\/strong><\/p><ul><li>Eigenst\u00e4ndige Projektabwicklung von Anlagen- und Forschungsprojekten<\/li><li>Zentraler Ansprechpartner f\u00fcr unsere Kunden und Koordination der weiteren Projektbeteiligten<\/li><li>Wirtschaftliche und technische Projektleitung<\/li><li>Erstellen von Projekt- und Vergabeunterlagen sowie Studien und Forschungsarbeiten im Rahmen der Projektabwicklung<\/li><li>Objekt\u00fcberwachung mit Projektcontrolling f\u00fcr Kosten, Termine und Ausf\u00fchrungsqualit\u00e4t<\/li><\/ul><p><strong>Ihr Profil<\/strong><\/p><ul><li>Sie besitzen ein abgeschlossenes Studium oder eine abgeschlossene Technikerausbildung im Bereich Mechatronik, Maschinenbau, Versorgungstechnik, Umwelttechnik, Elektro- oder Energietechnik<\/li><li>Sie verf\u00fcgen \u00fcber Planungs- und Projekterfahrung im Anlagenbau, w\u00fcnschenswert sind Erfahrungen in der Gas- oder Energieversorgung<\/li><li>Sie haben bestenfalls Kenntnisse der relevanten technischen Regeln und Verordnungen<\/li><li>Sie haben Freude am Umgang mit Menschen und am Entwickeln und Entwerfen<\/li><li>Sie beherrschen alle g\u00e4ngigen Microsoft Office Produkte sowie die deutsche Sprache flie\u00dfend in Wort und Schrift<\/li><li>Sie arbeiten eigenst\u00e4ndig, strukturiert, verl\u00e4sslich und sind ein Teamplayer<\/li><li>Ihr Auftreten ist freundlich und verbindlich<\/li><\/ul><p><strong>Wir bieten Ihnen<\/strong><\/p><ul><li>eine sichere und langfristige Anstellung in einer grundsoliden und zukunftsorientierten Branche<\/li><li>ein mitarbeiterorientiertes Unternehmen mit flachen Hierarchien sowie kollegialem und unterst\u00fctzendem Team-Spirit<\/li><li>einen modernen Arbeitsplatz auf dem neuesten Stand der Technik mit Wohlf\u00fchlatmosph\u00e4re<\/li><li>weitgehend flexible Arbeitszeiten und die M\u00f6glichkeit zum Homeoffice<\/li><li>eine umfassende Einarbeitung sowie verantwortungsvolle und abwechslungsreiche Aufgaben<\/li><li>individuelle fachliche Entwicklung und Kerrierem\u00f6glichkeiten<\/li><li>leistungsorientierte Bezahlung, betriebliche Altersvorsorge u. v. m.<\/li><\/ul><p><strong>Kontakt<\/strong><br \/>Wir haben Ihr Interesse geweckt? Dann freuen wir uns darauf, Sie kennenzulernen!<br \/>Bitte schicken Sie uns Ihre vollst\u00e4ndigen Bewerbungsunterlagen per E-Mail an: <a href=\"mailto:bewerbung@keep-it-green.de\" target=\"_blank\" rel=\"noopener\">bewerbung@keep-it-green.de<\/a><\/p><\/div><div class=\"grve-element grve-text\"><h3>\u00a0<\/h3><div>\u00a0<\/div><h3><span style=\"color: #ffffff;\">Techniker od. Meister (m\/w\/d) Elektrotechnik od. Automatisierungstechnik mit Berufserfahrung im Bereich Versorgungs- W\u00e4rme- oder Energietechnik<\/span><\/h3><p>Haben Sie eine Leidenschaft f\u00fcr Ihren Beruf und wollen mit uns die Zukunft der Energieversorgung gestalten?<br \/>Als kompetenter und stetig wachsender Spezialist f\u00fcr anspruchsvolle Medien- und Wasserstoffversorgungen treiben wir gemeinsam mit unseren Kunden innovative Projekte in der nationalen Energieinfrastruktur voran. Uns verbinden Tatkraft, hohe L\u00f6sungsorientierung und das st\u00e4ndige Ziel, unsere Kunden zufriedenzustellen.<br \/>Sie m\u00f6chten mit uns neue Wege gehen? Dann bewerben Sie sich jetzt.<\/p><p><strong>Ihre Aufgaben<\/strong><\/p><ul><li>Konzepterstellung und Planung von E\/MSR-Anlagen<\/li><li>Pr\u00fcfen von E\/MSR-Konzepten<\/li><li>Erstellung von Ausschreibungsunterlagen<\/li><li>\u00dcbergeordnete Bau\u00fcberwachung<\/li><\/ul><p><strong>Ihr Profil<\/strong><\/p><ul><li>Sie verf\u00fcgen \u00fcber eine Ausbildung und Weiterbildung zum Techniker oder Meister.<\/li><li>Sie haben Interesse an energietechnischen Anlagen und bilden sich gerne weiter.<\/li><li>Sie arbeiten strukturiert und eigenst\u00e4ndig und Ihr Auftreten ist verbindlich.<\/li><li>Sie beherrschen die g\u00e4ngigen Microsoft Office Produkte.<\/li><li>Sie verf\u00fcgen bestens falls \u00fcber Erfahrungen im Bereich Energie- oder Steuerungstechnik.<\/li><\/ul><p><strong>Wir bieten Ihnen<\/strong><\/p><ul><li>Eine langfristige Perspektive mit einem sicheren Arbeitsplatz.<\/li><li>Ein angenehmes und motivierendes Betriebsklima in einem kollegialen Team.<\/li><li>Interessante und abwechslungsreiche Aufgaben mit sehr guten Entwicklungsperspektiven<br \/>und Weiterbildungsm\u00f6glichkeiten.<\/li><\/ul><p><strong>Kontakt<\/strong><br \/>Wir haben Ihr Interesse geweckt? Dann freuen wir uns darauf, Sie kennenzulernen!<br \/>Bitte senden Sie uns Ihre aussagekr\u00e4ftige Bewerbung per E-Mail unter Angabe Ihres fr\u00fchestm\u00f6glichen Eintrittstermins sowie Ihrer Gehaltsvorstellungen an: <a href=\"mailto:bewerbung@keep-it-green.de\" target=\"_blank\" rel=\"noopener\">bewerbung@keep-it-green.de<\/a><\/p><\/div>\t\t\t\t\t\t\t\t<\/div>\n\t\t\t\t<\/div>\n\t\t\t\t\t<\/div>\n\t\t\t\t<\/div>\n\t\t<div class=\"elementor-element elementor-element-bb59849 e-flex e-con-boxed e-con e-parent\" data-id=\"bb59849\" data-element_type=\"container\">\n\t\t\t\t\t<div class=\"e-con-inner\">\n\t\t\t\t<div class=\"elementor-element elementor-element-1757fd6 elementor-widget elementor-widget-spacer\" data-id=\"1757fd6\" data-element_type=\"widget\" data-widget_type=\"spacer.default\">\n\t\t\t\t<div class=\"elementor-widget-container\">\n\t\t\t\t\t\t\t<div class=\"elementor-spacer\">\n\t\t\t<div class=\"elementor-spacer-inner\"><\/div>\n\t\t<\/div>\n\t\t\t\t\t\t<\/div>\n\t\t\t\t<\/div>\n\t\t\t\t\t<\/div>\n\t\t\t\t<\/div>\n\t\t<div class=\"elementor-element elementor-element-7175177 e-flex e-con-boxed e-con e-parent\" data-id=\"7175177\" data-element_type=\"container\" data-settings=\"{&quot;background_background&quot;:&quot;classic&quot;}\">\n\t\t\t\t\t<div class=\"e-con-inner\">\n\t\t\t\t\t<\/div>\n\t\t\t\t<\/div>\n\t\t<div class=\"elementor-element elementor-element-f36b2d0 e-flex e-con-boxed e-con e-parent\" data-id=\"f36b2d0\" data-element_type=\"container\">\n\t\t\t\t\t<div class=\"e-con-inner\">\n\t\t\t\t<div class=\"elementor-element elementor-element-7df30f6 elementor-widget elementor-widget-spacer\" data-id=\"7df30f6\" data-element_type=\"widget\" data-widget_type=\"spacer.default\">\n\t\t\t\t<div class=\"elementor-widget-container\">\n\t\t\t\t\t\t\t<div class=\"elementor-spacer\">\n\t\t\t<div class=\"elementor-spacer-inner\"><\/div>\n\t\t<\/div>\n\t\t\t\t\t\t<\/div>\n\t\t\t\t<\/div>\n\t\t\t\t\t<\/div>\n\t\t\t\t<\/div>\n\t\t\t\t<\/div>","protected":false},"excerpt":{"rendered":"<p>Jobs &#038; Karriere Projektingenieur (m\/w\/d) Energiewirtschaft Haben Sie eine Leidenschaft f\u00fcr Engineering und wollen mit uns die Zukunft der Energieversorgung gestalten?Als kompetenter und stetig wachsender Spezialist f\u00fcr anspruchsvolle Medien- und Wasserstoffversorgungen treiben wir gemeinsam mit unseren Kunden innovative Projekte in der nationalen Energieinfrastruktur voran. Uns verbinden Tatkraft, hohe L\u00f6sungsorientierung und das st\u00e4ndige Ziel, unsere Kunden [&hellip;]<\/p>","protected":false},"author":1,"featured_media":0,"parent":0,"menu_order":0,"comment_status":"closed","ping_status":"closed","template":"elementor_theme","meta":{"ocean_post_layout":"full-screen","ocean_both_sidebars_style":"","ocean_both_sidebars_content_width":0,"ocean_both_sidebars_sidebars_width":0,"ocean_sidebar":"","ocean_second_sidebar":"","ocean_disable_margins":"enable","ocean_add_body_class":"","ocean_shortcode_before_top_bar":"","ocean_shortcode_after_top_bar":"","ocean_shortcode_before_header":"","ocean_shortcode_after_header":"","ocean_has_shortcode":"","ocean_shortcode_after_title":"","ocean_shortcode_before_footer_widgets":"","ocean_shortcode_after_footer_widgets":"","ocean_shortcode_before_footer_bottom":"","ocean_shortcode_after_footer_bottom":"","ocean_display_top_bar":"default","ocean_display_header":"default","ocean_header_style":"","ocean_center_header_left_menu":"","ocean_custom_header_template":"","ocean_custom_logo":0,"ocean_custom_retina_logo":0,"ocean_custom_logo_max_width":0,"ocean_custom_logo_tablet_max_width":0,"ocean_custom_logo_mobile_max_width":0,"ocean_custom_logo_max_height":0,"ocean_custom_logo_tablet_max_height":0,"ocean_custom_logo_mobile_max_height":0,"ocean_header_custom_menu":"","ocean_menu_typo_font_family":"","ocean_menu_typo_font_subset":"","ocean_menu_typo_font_size":0,"ocean_menu_typo_font_size_tablet":0,"ocean_menu_typo_font_size_mobile":0,"ocean_menu_typo_font_size_unit":"px","ocean_menu_typo_font_weight":"","ocean_menu_typo_font_weight_tablet":"","ocean_menu_typo_font_weight_mobile":"","ocean_menu_typo_transform":"","ocean_menu_typo_transform_tablet":"","ocean_menu_typo_transform_mobile":"","ocean_menu_typo_line_height":0,"ocean_menu_typo_line_height_tablet":0,"ocean_menu_typo_line_height_mobile":0,"ocean_menu_typo_line_height_unit":"","ocean_menu_typo_spacing":0,"ocean_menu_typo_spacing_tablet":0,"ocean_menu_typo_spacing_mobile":0,"ocean_menu_typo_spacing_unit":"","ocean_menu_link_color":"","ocean_menu_link_color_hover":"","ocean_menu_link_color_active":"","ocean_menu_link_background":"","ocean_menu_link_hover_background":"","ocean_menu_link_active_background":"","ocean_menu_social_links_bg":"","ocean_menu_social_hover_links_bg":"","ocean_menu_social_links_color":"","ocean_menu_social_hover_links_color":"","ocean_disable_title":"on","ocean_disable_heading":"default","ocean_post_title":"","ocean_post_subheading":"","ocean_post_title_style":"","ocean_post_title_background_color":"","ocean_post_title_background":0,"ocean_post_title_bg_image_position":"","ocean_post_title_bg_image_attachment":"","ocean_post_title_bg_image_repeat":"","ocean_post_title_bg_image_size":"","ocean_post_title_height":0,"ocean_post_title_bg_overlay":0.5,"ocean_post_title_bg_overlay_color":"","ocean_disable_breadcrumbs":"default","ocean_breadcrumbs_color":"","ocean_breadcrumbs_separator_color":"","ocean_breadcrumbs_links_color":"","ocean_breadcrumbs_links_hover_color":"","ocean_display_footer_widgets":"default","ocean_display_footer_bottom":"default","ocean_custom_footer_template":"","footnotes":""},"class_list":["post-80","page","type-page","status-publish","hentry","entry"],"_links":{"self":[{"href":"https:\/\/www.fervent-euclid.85-236-38-41.plesk.page\/en\/wp-json\/wp\/v2\/pages\/80","targetHints":{"allow":["GET"]}}],"collection":[{"href":"https:\/\/www.fervent-euclid.85-236-38-41.plesk.page\/en\/wp-json\/wp\/v2\/pages"}],"about":[{"href":"https:\/\/www.fervent-euclid.85-236-38-41.plesk.page\/en\/wp-json\/wp\/v2\/types\/page"}],"author":[{"embeddable":true,"href":"https:\/\/www.fervent-euclid.85-236-38-41.plesk.page\/en\/wp-json\/wp\/v2\/users\/1"}],"replies":[{"embeddable":true,"href":"https:\/\/www.fervent-euclid.85-236-38-41.plesk.page\/en\/wp-json\/wp\/v2\/comments?post=80"}],"version-history":[{"count":28,"href":"https:\/\/www.fervent-euclid.85-236-38-41.plesk.page\/en\/wp-json\/wp\/v2\/pages\/80\/revisions"}],"predecessor-version":[{"id":340,"href":"https:\/\/www.fervent-euclid.85-236-38-41.plesk.page\/en\/wp-json\/wp\/v2\/pages\/80\/revisions\/340"}],"wp:attachment":[{"href":"https:\/\/www.fervent-euclid.85-236-38-41.plesk.page\/en\/wp-json\/wp\/v2\/media?parent=80"}],"curies":[{"name":"wp","href":"https:\/\/api.w.org\/{rel}","templated":true}]}}